{"id":428,"date":"2022-01-30T16:11:34","date_gmt":"2022-01-30T15:11:34","guid":{"rendered":"https:\/\/www.fragments.asso.fr\/blog\/?page_id=428"},"modified":"2022-11-04T15:03:36","modified_gmt":"2022-11-04T14:03:36","slug":"bibliographie","status":"publish","type":"page","link":"http:\/\/www.fragments.asso.fr\/blog\/bibliographie\/","title":{"rendered":"Bibliographie"},"content":{"rendered":"\n<p>Cette bibliographie n&rsquo;est \u00e9videmment pas exhaustive et se compl\u00e8te au fil des lectures qui \u00e9tayent toujours et encore la r\u00e9flexion par rapport \u00e0 ces oeuvres &#8230;<\/p>\n\n\n\n<figure class=\"wp-block-table\"><table><tbody><tr><td class=\"has-text-align-center\" data-align=\"center\"><strong>Les 3 ouvrages \u00e0 lire absolument pour mieux percevoir l&rsquo;exposition &#8230;<\/strong><\/td><\/tr><tr><td class=\"has-text-align-center\" data-align=\"center\"><img loading=\"lazy\" decoding=\"async\" width=\"208\" height=\"299\" src=\"http:\/\/www.fragments.asso.fr\/blog\/wp-content\/uploads\/2019\/01\/arendt1.jpg\" alt=\"\"><img loading=\"lazy\" decoding=\"async\" width=\"238\" height=\"317\" src=\"http:\/\/www.fragments.asso.fr\/blog\/wp-content\/uploads\/2019\/01\/sicestunhomme-1.png\" alt=\"\"><img loading=\"lazy\" decoding=\"async\" width=\"209\" height=\"310\" src=\"http:\/\/www.fragments.asso.fr\/blog\/wp-content\/uploads\/2019\/01\/auschwitzenheritage.jpg\" alt=\"\"><\/td><\/tr><tr><td class=\"has-text-align-center\" data-align=\"center\"><strong>Les ouvrages de Primo Levi, grand inspirateur de l&rsquo;exposition &#8230;<\/strong><\/td><\/tr><tr><td class=\"has-text-align-center\" data-align=\"center\"><img loading=\"lazy\" decoding=\"async\" width=\"235\" height=\"372\" src=\"http:\/\/www.fragments.asso.fr\/blog\/wp-content\/uploads\/2022\/01\/lilith.jpg\" alt=\"\"><img loading=\"lazy\" decoding=\"async\" width=\"233\" height=\"375\" src=\"http:\/\/www.fragments.asso.fr\/blog\/wp-content\/uploads\/2022\/01\/latreve.jpg\" alt=\"\"><img loading=\"lazy\" decoding=\"async\" width=\"229\" height=\"358\" src=\"http:\/\/www.fragments.asso.fr\/blog\/wp-content\/uploads\/2022\/01\/lacleamolette.jpg\" alt=\"\"><br><img loading=\"lazy\" decoding=\"async\" width=\"250\" height=\"375\" src=\"http:\/\/www.fragments.asso.fr\/blog\/wp-content\/uploads\/2022\/01\/lesnaufrages.jpg\" alt=\"\"><\/td><\/tr><tr><td class=\"has-text-align-center\" data-align=\"center\"><strong>Ouvrages en rapport avec l&rsquo;analyse du syst\u00e8me technicien \u00e0 l&rsquo;oeuvre &#8230;<\/strong><\/td><\/tr><tr><td class=\"has-text-align-center\" data-align=\"center\"><img loading=\"lazy\" decoding=\"async\" width=\"241\" height=\"371\" src=\"http:\/\/www.fragments.asso.fr\/blog\/wp-content\/uploads\/2022\/01\/lesystemetechnicien.jpg\" alt=\"\"><img loading=\"lazy\" decoding=\"async\" width=\"245\" height=\"387\" src=\"http:\/\/www.fragments.asso.fr\/blog\/wp-content\/uploads\/2022\/01\/leblufftechnologique.jpg\" alt=\"\"><\/td><\/tr><tr><td class=\"has-text-align-center\" data-align=\"center\"><strong>Ouvrages majeurs &#8230;<\/strong><\/td><\/tr><tr><td class=\"has-text-align-center\" data-align=\"center\"><img loading=\"lazy\" decoding=\"async\" width=\"300\" height=\"456\" src=\"http:\/\/www.fragments.asso.fr\/blog\/wp-content\/uploads\/2022\/01\/porteur1.jpg\" alt=\"\"><img loading=\"lazy\" decoding=\"async\" width=\"239\" height=\"375\" src=\"http:\/\/www.fragments.asso.fr\/blog\/wp-content\/uploads\/2022\/01\/lecommandantparle.jpg\" alt=\"\"><img loading=\"lazy\" decoding=\"async\" width=\"248\" height=\"364\" src=\"http:\/\/www.fragments.asso.fr\/blog\/wp-content\/uploads\/2022\/01\/histoiredunevie89.jpg\" alt=\"\"><\/td><\/tr><tr><td class=\"has-text-align-center\" data-align=\"center\"><img loading=\"lazy\" decoding=\"async\" width=\"99\" height=\"429\" src=\"http:\/\/www.fragments.asso.fr\/blog\/wp-content\/uploads\/2022\/01\/hilberg.jpg\" alt=\"\"><img loading=\"lazy\" decoding=\"async\" width=\"248\" height=\"378\" src=\"http:\/\/www.fragments.asso.fr\/blog\/wp-content\/uploads\/2022\/01\/sonderkommando.jpg\" alt=\"\"><\/td><\/tr><tr><td class=\"has-text-align-center\" data-align=\"center\"><strong>T\u00e9moignages<\/strong><\/td><\/tr><tr><td class=\"has-text-align-center\" data-align=\"center\"><img decoding=\"async\" src=\"http:\/\/www.fragments.asso.fr\/blog\/wp-content\/uploads\/2022\/01\/lieneke.jpg\" alt=\"\"><img decoding=\"async\" src=\"http:\/\/www.fragments.asso.fr\/blog\/wp-content\/uploads\/2019\/01\/Maus.png\" alt=\"\"><img loading=\"lazy\" decoding=\"async\" width=\"238\" height=\"359\" src=\"http:\/\/www.fragments.asso.fr\/blog\/wp-content\/uploads\/2022\/01\/milena.jpg\" alt=\"\"><img loading=\"lazy\" decoding=\"async\" width=\"231\" height=\"408\" src=\"http:\/\/www.fragments.asso.fr\/blog\/wp-content\/uploads\/2022\/01\/latraverseedelanuit.jpg\" alt=\"\"><br><img loading=\"lazy\" decoding=\"async\" width=\"246\" height=\"480\" src=\"http:\/\/www.fragments.asso.fr\/blog\/wp-content\/uploads\/2022\/01\/noah-klieger-525x1024.jpg\" alt=\"\"><img loading=\"lazy\" decoding=\"async\" width=\"238\" height=\"352\" src=\"http:\/\/www.fragments.asso.fr\/blog\/wp-content\/uploads\/2022\/01\/le-village.jpg\" alt=\"\"><img loading=\"lazy\" decoding=\"async\" width=\"249\" height=\"341\" src=\"http:\/\/www.fragments.asso.fr\/blog\/wp-content\/uploads\/2022\/01\/heritagenu.jpg\" alt=\"\"><br><img loading=\"lazy\" decoding=\"async\" width=\"248\" height=\"412\" src=\"http:\/\/www.fragments.asso.fr\/blog\/wp-content\/uploads\/2022\/01\/parolesdelashoah.jpg\" alt=\"\"><img loading=\"lazy\" decoding=\"async\" width=\"248\" height=\"406\" src=\"http:\/\/www.fragments.asso.fr\/blog\/wp-content\/uploads\/2022\/01\/desvoix1.jpg\" alt=\"\"><img loading=\"lazy\" decoding=\"async\" width=\"248\" height=\"378\" src=\"http:\/\/www.fragments.asso.fr\/blog\/wp-content\/uploads\/2022\/01\/sonderkommando.jpg\" alt=\"\"><br><img loading=\"lazy\" decoding=\"async\" width=\"236\" height=\"383\" src=\"http:\/\/www.fragments.asso.fr\/blog\/wp-content\/uploads\/2022\/01\/muller.jpg\" alt=\"\"><img loading=\"lazy\" decoding=\"async\" width=\"245\" height=\"368\" src=\"http:\/\/www.fragments.asso.fr\/blog\/wp-content\/uploads\/2022\/01\/ghetto.jpg\" alt=\"\"><img loading=\"lazy\" decoding=\"async\" width=\"247\" height=\"393\" src=\"http:\/\/www.fragments.asso.fr\/blog\/wp-content\/uploads\/2022\/01\/NN-violette-644x1024.jpg\" alt=\"\"><br><\/td><\/tr><tr><td class=\"has-text-align-center\" data-align=\"center\"><strong>Tenter de comprendre l&rsquo;impensable &#8230;<\/strong><\/td><\/tr><tr><td class=\"has-text-align-center\" data-align=\"center\"><img loading=\"lazy\" decoding=\"async\" width=\"230\" height=\"371\" src=\"http:\/\/www.fragments.asso.fr\/blog\/wp-content\/uploads\/2022\/01\/lavague.jpg\" alt=\"\"><img loading=\"lazy\" decoding=\"async\" width=\"239\" height=\"341\" src=\"http:\/\/www.fragments.asso.fr\/blog\/wp-content\/uploads\/2022\/01\/laprisonjuive.jpg\" alt=\"\"><img loading=\"lazy\" decoding=\"async\" width=\"234\" height=\"371\" src=\"http:\/\/www.fragments.asso.fr\/blog\/wp-content\/uploads\/2022\/01\/histoireshoah.jpg\" alt=\"\"><br><img loading=\"lazy\" decoding=\"async\" width=\"251\" height=\"371\" src=\"http:\/\/www.fragments.asso.fr\/blog\/wp-content\/uploads\/2022\/01\/Dictionnaire.jpg\" alt=\"\"><\/td><\/tr><tr><td class=\"has-text-align-center\" data-align=\"center\"><strong>Litt\u00e9rature<\/strong><\/td><\/tr><tr><td class=\"has-text-align-center\" data-align=\"center\"><img loading=\"lazy\" decoding=\"async\" width=\"239\" height=\"371\" src=\"http:\/\/www.fragments.asso.fr\/blog\/wp-content\/uploads\/2022\/01\/kaddish.jpg\" alt=\"\"><img loading=\"lazy\" decoding=\"async\" width=\"253\" height=\"378\" src=\"http:\/\/www.fragments.asso.fr\/blog\/wp-content\/uploads\/2022\/01\/inconnu.jpg\" alt=\"\"><img loading=\"lazy\" decoding=\"async\" width=\"235\" height=\"355\" src=\"http:\/\/www.fragments.asso.fr\/blog\/wp-content\/uploads\/2022\/01\/Mort.jpg\" alt=\"\"><img loading=\"lazy\" decoding=\"async\" width=\"240\" height=\"428\" src=\"http:\/\/www.fragments.asso.fr\/blog\/wp-content\/uploads\/2022\/01\/matinbrun.jpg\" alt=\"\"><img loading=\"lazy\" decoding=\"async\" width=\"246\" height=\"382\" src=\"http:\/\/www.fragments.asso.fr\/blog\/wp-content\/uploads\/2022\/01\/eliewiesel1.jpg\" alt=\"\"><img loading=\"lazy\" decoding=\"async\" width=\"246\" height=\"373\" src=\"http:\/\/www.fragments.asso.fr\/blog\/wp-content\/uploads\/2022\/01\/bienveillantes.jpg\" alt=\"\"><br><img decoding=\"async\" src=\"http:\/\/www.fragments.asso.fr\/blog\/wp-content\/uploads\/2022\/01\/brodeck.jpg\" alt=\"\"><img loading=\"lazy\" decoding=\"async\" width=\"246\" height=\"246\" src=\"http:\/\/www.fragments.asso.fr\/blog\/wp-content\/uploads\/2022\/01\/51acjcScgnL._SL500_AA240_.jpg\" alt=\"\"><\/td><\/tr><tr><td class=\"has-text-align-center\" data-align=\"center\"><strong>Une culture &#8230;<\/strong><\/td><\/tr><tr><td class=\"has-text-align-center\" data-align=\"center\"><img loading=\"lazy\" decoding=\"async\" width=\"235\" height=\"427\" src=\"http:\/\/www.fragments.asso.fr\/blog\/wp-content\/uploads\/2022\/01\/judaisme.jpg\" alt=\"\"><\/td><\/tr><tr><td class=\"has-text-align-center\" data-align=\"center\"><strong>Des penseurs<\/strong><\/td><\/tr><tr><td class=\"has-text-align-center\" data-align=\"center\"><img loading=\"lazy\" decoding=\"async\" width=\"250\" height=\"392\" src=\"http:\/\/www.fragments.asso.fr\/blog\/wp-content\/uploads\/2022\/01\/heidegger.jpg\" alt=\"\"><img loading=\"lazy\" decoding=\"async\" width=\"248\" height=\"387\" src=\"http:\/\/www.fragments.asso.fr\/blog\/wp-content\/uploads\/2022\/01\/heiddeger.jpg\" alt=\"\"><img loading=\"lazy\" decoding=\"async\" width=\"238\" height=\"379\" src=\"http:\/\/www.fragments.asso.fr\/blog\/wp-content\/uploads\/2022\/01\/stern.jpg\" alt=\"\"><img loading=\"lazy\" decoding=\"async\" width=\"238\" height=\"372\" src=\"http:\/\/www.fragments.asso.fr\/blog\/wp-content\/uploads\/2022\/01\/speer.jpg\" alt=\"\"><img loading=\"lazy\" decoding=\"async\" width=\"225\" height=\"343\" src=\"http:\/\/www.fragments.asso.fr\/blog\/wp-content\/uploads\/2022\/01\/ben1.jpg\" alt=\"\"><img loading=\"lazy\" decoding=\"async\" width=\"238\" height=\"379\" src=\"http:\/\/www.fragments.asso.fr\/blog\/wp-content\/uploads\/2022\/01\/stern.jpg\" alt=\"\"><br><img loading=\"lazy\" decoding=\"async\" width=\"226\" height=\"347\" src=\"http:\/\/www.fragments.asso.fr\/blog\/wp-content\/uploads\/2022\/01\/bauman.jpg\" alt=\"\"><img loading=\"lazy\" decoding=\"async\" width=\"248\" height=\"392\" src=\"http:\/\/www.fragments.asso.fr\/blog\/wp-content\/uploads\/2022\/01\/revue-648x1024.jpg\" alt=\"\"><img loading=\"lazy\" decoding=\"async\" width=\"283\" height=\"361\" src=\"http:\/\/www.fragments.asso.fr\/blog\/wp-content\/uploads\/2022\/01\/profanateurs.jpg\" alt=\"\"><\/td><\/tr><tr><td class=\"has-text-align-center\" data-align=\"center\"><strong>Films<\/strong><\/td><\/tr><tr><td class=\"has-text-align-center\" data-align=\"center\"><img loading=\"lazy\" decoding=\"async\" width=\"243\" height=\"335\" src=\"http:\/\/www.fragments.asso.fr\/blog\/wp-content\/uploads\/2022\/01\/dvdshoah.jpg\" alt=\"\"><img loading=\"lazy\" decoding=\"async\" width=\"247\" height=\"353\" src=\"http:\/\/www.fragments.asso.fr\/blog\/wp-content\/uploads\/2022\/01\/dvdeinsatzgruppen.jpg\" alt=\"\"><img loading=\"lazy\" decoding=\"async\" width=\"248\" height=\"349\" src=\"http:\/\/www.fragments.asso.fr\/blog\/wp-content\/uploads\/2022\/01\/dvdamen.jpg\" alt=\"\"><\/td><\/tr><tr><td class=\"has-text-align-center\" data-align=\"center\"><strong>Compl\u00e9ments d&rsquo;Histoire &#8230;<\/strong><\/td><\/tr><tr><td class=\"has-text-align-center\" data-align=\"center\"><img loading=\"lazy\" decoding=\"async\" width=\"247\" height=\"417\" src=\"http:\/\/www.fragments.asso.fr\/blog\/wp-content\/uploads\/2022\/01\/dirlewanger.jpg\" alt=\"\"><img loading=\"lazy\" decoding=\"async\" width=\"252\" height=\"361\" src=\"http:\/\/www.fragments.asso.fr\/blog\/wp-content\/uploads\/2022\/01\/deshommesordinaires.jpg\" alt=\"\"><img loading=\"lazy\" decoding=\"async\" width=\"238\" height=\"372\" src=\"http:\/\/www.fragments.asso.fr\/blog\/wp-content\/uploads\/2022\/01\/speer.jpg\" alt=\"\"><br><img loading=\"lazy\" decoding=\"async\" width=\"238\" height=\"393\" src=\"http:\/\/www.fragments.asso.fr\/blog\/wp-content\/uploads\/2022\/01\/mengele.jpg\" alt=\"\"><img loading=\"lazy\" decoding=\"async\" width=\"246\" height=\"376\" src=\"http:\/\/www.fragments.asso.fr\/blog\/wp-content\/uploads\/2022\/01\/noirsetnazisme.jpg\" alt=\"\"><img decoding=\"async\" src=\"http:\/\/www.fragments.asso.fr\/blog\/wp-content\/uploads\/2022\/01\/tsigane.png\" alt=\"\"><\/td><\/tr><\/tbody><\/table><\/figure>\n\n\n","protected":false},"excerpt":{"rendered":"<p>Cette bibliographie n&rsquo;est \u00e9videmment pas exhaustive et se compl\u00e8te au fil des lectures qui \u00e9tayent toujours et encore la r\u00e9flexion par rapport \u00e0 ces oeuvres &#8230; Les 3 ouvrages \u00e0 lire absolument pour mieux percevoir l&rsquo;exposition &#8230; Les ouvrages de Primo Levi, grand inspirateur de l&rsquo;exposition &#8230; Ouvrages en rapport avec l&rsquo;analyse du syst\u00e8me technicien [&hellip;]<\/p>\n","protected":false},"author":1,"featured_media":0,"parent":0,"menu_order":0,"comment_status":"closed","ping_status":"closed","template":"templates\/page-full-width.php","meta":{"sfsi_plus_gutenberg_text_before_share":"","sfsi_plus_gutenberg_show_text_before_share":"","sfsi_plus_gutenberg_icon_type":"","sfsi_plus_gutenberg_icon_alignemt":"","sfsi_plus_gutenburg_max_per_row":"","footnotes":""},"class_list":["post-428","page","type-page","status-publish","hentry"],"_links":{"self":[{"href":"http:\/\/www.fragments.asso.fr\/blog\/wp-json\/wp\/v2\/pages\/428","targetHints":{"allow":["GET"]}}],"collection":[{"href":"http:\/\/www.fragments.asso.fr\/blog\/wp-json\/wp\/v2\/pages"}],"about":[{"href":"http:\/\/www.fragments.asso.fr\/blog\/wp-json\/wp\/v2\/types\/page"}],"author":[{"embeddable":true,"href":"http:\/\/www.fragments.asso.fr\/blog\/wp-json\/wp\/v2\/users\/1"}],"replies":[{"embeddable":true,"href":"http:\/\/www.fragments.asso.fr\/blog\/wp-json\/wp\/v2\/comments?post=428"}],"version-history":[{"count":14,"href":"http:\/\/www.fragments.asso.fr\/blog\/wp-json\/wp\/v2\/pages\/428\/revisions"}],"predecessor-version":[{"id":576,"href":"http:\/\/www.fragments.asso.fr\/blog\/wp-json\/wp\/v2\/pages\/428\/revisions\/576"}],"wp:attachment":[{"href":"http:\/\/www.fragments.asso.fr\/blog\/wp-json\/wp\/v2\/media?parent=428"}],"curies":[{"name":"wp","href":"https:\/\/api.w.org\/{rel}","templated":true}]}}